{"id":468,"date":"2017-02-06T12:01:40","date_gmt":"2017-02-06T09:01:40","guid":{"rendered":"http:\/\/azemlojistik.com\/?page_id=468"},"modified":"2020-09-22T21:20:40","modified_gmt":"2020-09-22T18:20:40","slug":"hakkimizda","status":"publish","type":"page","link":"https:\/\/azemlojistik.com\/?page_id=468","title":{"rendered":"Hakk\u0131m\u0131zda"},"content":{"rendered":"<section  id=\"xs-sec-9b49a009\" class=\"fw-main-row parallax-section  xs-sc-9b49a009   \"  >\n\t<div class=\"xs-main-overlay\"><\/div>\n\n    <div class=\"fw-container\">\n\t\t<div class=\"fw-row\">\n\t<div class=\"fw-col-inner\">\n<div id=\"xs-col-db3a4c8d\" class=\"fw-col-md-6     xs-sc-db3a4c8d    \">\n    <div class=\"fw-main-row\">\n\t\t\t\t<div class=\"fw-col-inner\">\n\t\t\t\n<div class=\"heading  xs-heading-7bbe5e38   \">\n\t<h2  class='xs-title content-title boder-none'><span class='shortheading'>Hakk\u0131m\u0131zda<\/span> Profesyonel Lojistik Hizmetleri  <\/h2><\/div>\n<div class=\"xs-text-block  xs-text-block-7208f201\">\n\t<p>Azem Lojistik olarak; Uluslararas\u0131 nakliyat ve lojistik sekt\u00f6r\u00fcnde hizmet vermekte olup; karayolu, denizyolu, havayolu ve demiryolu ta\u015f\u0131malar\u0131n\u0131z\u0131, m\u00fc\u015fteri odakl\u0131 hizmet anlay\u0131\u015f\u0131 ve geni\u015f acente a\u011f\u0131 ile en h\u0131zl\u0131, g\u00fcvenilir ve kaliteli servisi siz de\u011ferli m\u00fc\u015fterilerimize en uygun maliyetler ile sunmay\u0131 hedeflemekteyiz..<\/p><p>Azem Lojistik olarak, her biri kendi konusunda uzmanla\u015fm\u0131\u015f tecr\u00fcbeli ve dinamik kadrosu, d\u00fcnyan\u0131n d\u00f6rt bir yan\u0131na yay\u0131lm\u0131\u015f yerle\u015fik acente a\u011f\u0131 ile \u00e7a\u011f\u0131n gerektirdi\u011fi ileti\u015fim, ula\u015f\u0131m imkanlar\u0131 ve \u00e7a\u011fda\u015f i\u015f ahlak\u0131 ile m\u00fc\u015fterilerinin ihtiya\u00e7 duydu\u011fu t\u00fcm lojistik gereksinimleri sa\u011flayabilmekte ve karayolu, denizyolu, havayolu ve demiryolu ta\u015f\u0131mas\u0131 yan\u0131 s\u0131ra g\u00fcmr\u00fckleme, depolama, da\u011f\u0131t\u0131m, paketleme ve kap\u0131dan kap\u0131ya teslim hizmetleri verebilmekteyiz.<\/p><p>Amac\u0131m\u0131z; vizyonuna ba\u011fl\u0131 olarak misyonunu s\u00fcrekli geli\u015fme ve kaliteli servis ile m\u00fc\u015fteri memnuniyetine dayand\u0131rm\u0131\u015f olan firmam\u0131z\u0131, siz de\u011ferli m\u00fc\u015fterilerimizin sadece lojistik hizmeti veren bir firma olarak de\u011fil, ayn\u0131 zamanda g\u00fcvenilir bir i\u015f orta\u011f\u0131 olarak g\u00f6rmenizdir.<\/p><\/div>\t\t<\/div>\n    <\/div>\n<\/div>\n<div class=\"fw-col-inner\">\n<div id=\"xs-col-f3ca3a98\" class=\"fw-col-md-6     xs-sc-f3ca3a98    \">\n    <div class=\"fw-main-row\">\n\t\t\t\t<div class=\"fw-col-inner\">\n\t\t\t<div class=\"fw-single-image  \" >\n            <img src=\"\/\/azemlojistik.com\/wp-content\/uploads\/2020\/09\/azem-hakkimizda.jpg\" class=\"img-responsive\"  \/>\n    <\/div>\t\t<\/div>\n    <\/div>\n<\/div>\n<\/div>\n\n    <\/div>\n<\/section>\n\n\n","protected":false},"excerpt":{"rendered":"<p>Hakk\u0131m\u0131zda Profesyonel Lojistik Hizmetleri Azem Lojistik olarak; Uluslararas\u0131 nakliyat ve lojistik sekt\u00f6r\u00fcnde hizmet vermekte olup; karayolu, denizyolu, havayolu ve demiryolu ta\u015f\u0131malar\u0131n\u0131z\u0131, m\u00fc\u015fteri odakl\u0131 hizmet anlay\u0131\u015f\u0131 ve geni\u015f acente a\u011f\u0131 ile en h\u0131zl\u0131, g\u00fcvenilir ve kaliteli servisi siz de\u011ferli m\u00fc\u015fterilerimize en uygun maliyetler ile sunmay\u0131 hedeflemekteyiz..Azem Lojistik olarak, her biri kendi konusunda uzmanla\u015fm\u0131\u015f tecr\u00fcbeli ve dinamik [&hellip;]<\/p>\n","protected":false},"author":1,"featured_media":0,"parent":0,"menu_order":0,"comment_status":"closed","ping_status":"closed","template":"template\/template-full-width.php","meta":[],"_links":{"self":[{"href":"https:\/\/azemlojistik.com\/index.php?rest_route=\/wp\/v2\/pages\/468"}],"collection":[{"href":"https:\/\/azemlojistik.com\/index.php?rest_route=\/wp\/v2\/pages"}],"about":[{"href":"https:\/\/azemlojistik.com\/index.php?rest_route=\/wp\/v2\/types\/page"}],"author":[{"embeddable":true,"href":"https:\/\/azemlojistik.com\/index.php?rest_route=\/wp\/v2\/users\/1"}],"replies":[{"embeddable":true,"href":"https:\/\/azemlojistik.com\/index.php?rest_route=%2Fwp%2Fv2%2Fcomments&post=468"}],"version-history":[{"count":51,"href":"https:\/\/azemlojistik.com\/index.php?rest_route=\/wp\/v2\/pages\/468\/revisions"}],"predecessor-version":[{"id":2311,"href":"https:\/\/azemlojistik.com\/index.php?rest_route=\/wp\/v2\/pages\/468\/revisions\/2311"}],"wp:attachment":[{"href":"https:\/\/azemlojistik.com\/index.php?rest_route=%2Fwp%2Fv2%2Fmedia&parent=468"}],"curies":[{"name":"wp","href":"https:\/\/api.w.org\/{rel}","templated":true}]}}