{"id":2268,"date":"2020-09-20T16:36:44","date_gmt":"2020-09-20T13:36:44","guid":{"rendered":"https:\/\/azemlojistik.com\/?page_id=2268"},"modified":"2020-09-22T21:23:19","modified_gmt":"2020-09-22T18:23:19","slug":"arac-filomuz","status":"publish","type":"page","link":"https:\/\/azemlojistik.com\/?page_id=2268","title":{"rendered":"Ara\u00e7 Filomuz"},"content":{"rendered":"<p><section  id=\"xs-sec-9b49a009\" class=\"fw-main-row parallax-section  xs-sc-9b49a009   \"  >\n\t<div class=\"xs-main-overlay\"><\/div>\n\n    <div class=\"fw-container\">\n\t\t<div class=\"fw-row\">\n\t<div class=\"fw-col-inner\">\n<div id=\"xs-col-db3a4c8d\" class=\"fw-col-md-6     xs-sc-db3a4c8d    \">\n    <div class=\"fw-main-row\">\n\t\t\t\t<div class=\"fw-col-inner\">\n\t\t\t\n<div class=\"heading  xs-heading-7bbe5e38   \">\n\t<h2  class='xs-title content-title boder-none'><span class='shortheading'>Teknolojik \u00f6zelliklerle donat\u0131lm\u0131\u015f<\/span> Ara\u00e7 Filomuz  <\/h2><\/div>\n<div class=\"xs-text-block  xs-text-block-7208f201\">\n\t<p>Her T\u00fcrdeki Kara Nakliyeleriniz \u0130\u00e7in Hizmetinize Sunaca\u011f\u0131m\u0131z Ara\u00e7lar\u0131m\u0131z 2 Ya\u015f Ortalamas\u0131 \u0130le En B\u00fcy\u00fck Gururumuzdur..<\/p><p>\u0130htiya\u00e7 duydu\u011funuz t\u00fcm g\u00fczergahlarda farkl\u0131 tiplerdeki mallar\u0131n\u0131z i\u00e7in Mega Treyler, Frigofirik Treyler, Jumbo Treyler, R\u00f6morklu \u00c7ekiciler ve Kamyonetlerden olu\u015fan Ara\u00e7 Filomuz her zaman hizmetinizdedir.<\/p><p>T\u00fcm ara\u00e7lar\u0131m\u0131z d\u00fcnya \u00e7evre normlar\u0131na haiz olup, her t\u00fcrl\u00fc teknik ve g\u00fcvenlik sistemleri ile donat\u0131lm\u0131\u015ft\u0131r.<\/p><\/div>\t\t<\/div>\n    <\/div>\n<\/div>\n<div class=\"fw-col-inner\">\n<div id=\"xs-col-f3ca3a98\" class=\"fw-col-md-6     xs-sc-f3ca3a98    \">\n    <div class=\"fw-main-row\">\n\t\t\t\t<div class=\"fw-col-inner\">\n\t\t\t<div class=\"fw-single-image  \" >\n            <img src=\"\/\/azemlojistik.com\/wp-content\/uploads\/2020\/09\/azem-arac-01.jpg\" class=\"img-responsive\"  \/>\n    <\/div>\t\t<\/div>\n    <\/div>\n<\/div>\n<\/div>\n\n    <\/div>\n<\/section>\n\n<section  id=\"xs-sec-cbc62107\" class=\"fw-main-row parallax-section  xs-sc-cbc62107   \"  >\n\t<div class=\"xs-main-overlay\"><\/div>\n\n    <div class=\"fw-container\">\n\t\t<div class=\"fw-row\">\n\t<div class=\"fw-col-inner\">\n<div id=\"xs-col-356061a0\" class=\"fw-col-md-6     xs-sc-356061a0    \">\n    <div class=\"fw-main-row\">\n\t\t\t\t<div class=\"fw-col-inner\">\n\t\t\t<div class=\"fw-single-image  \" >\n            <img src=\"\/\/azemlojistik.com\/wp-content\/uploads\/2020\/09\/azem-dorse.jpg\" class=\"img-responsive\"  \/>\n    <\/div>\t\t<\/div>\n    <\/div>\n<\/div>\n<div class=\"fw-col-inner\">\n<div id=\"xs-col-a63387f4\" class=\"fw-col-md-6     xs-sc-a63387f4    \">\n    <div class=\"fw-main-row\">\n\t\t\t\t<div class=\"fw-col-inner\">\n\t\t\t\n<div class=\"heading  xs-heading-f935796a   \">\n\t<h2  class='xs-title content-title boder-none'><span class='shortheading'>\u0130htiyac\u0131n\u0131za g\u00f6re<\/span> Dorse opsiyonlar\u0131m\u0131z  <\/h2><\/div>\n<div class=\"xs-text-block  xs-text-block-6bc7430b\">\n\t<section id=\"xs-sec-27a60b90\" class=\"fw-main-row parallax-section  xs-sc-27a60b90 parallax-light  \"><div class=\"fw-container\"><div class=\"fw-row\"><div class=\"fw-col-inner\"><div id=\"xs-col-db3a4c8d\" class=\"fw-col-md-12     xs-sc-db3a4c8d    \"><div class=\"fw-main-row\"><div class=\"fw-col-inner\"><div class=\"xs-text-block  xs-text-block-7208f201\"><p>Ara\u00e7lar\u0131m\u0131z\u0131n so\u011futucu \u00fcniteleri hassas y\u00fckler i\u00e7in en iyisi olan Thermoking marka SL-400e modeldir. Bu \u00fcniteler -30 ile +30 derece aras\u0131nda sorunsuz \u0131s\u0131 kontrol\u00fc sa\u011flamaktad\u0131r.<\/p><p>Ara\u00e7lar\u0131m\u0131z\u0131n tamam\u0131nda data logger (Is\u0131 Kay\u0131t Cihaz\u0131) mevcut olup geriye d\u00f6n\u00fck 60 g\u00fcnl\u00fck \u0131s\u0131 raporu al\u0131nabilmektedir. \u00c7ift motor so\u011futucu \u00fcnitelerimizle,ayn\u0131 anda hem taze hem donuk \u00fcr\u00fcnler ta\u015f\u0131yabiliyoruz.<\/p><\/div><\/div><\/div><\/div><\/div><\/div><\/div><\/section><section id=\"xs-sec-09357dc7\" class=\"fw-main-row parallax-section  xs-sc-09357dc7 parallax-light  \"><\/section><\/div>\t\t<\/div>\n    <\/div>\n<\/div>\n<\/div>\n\n    <\/div>\n<\/section>\n\n<\/p>\n","protected":false},"excerpt":{"rendered":"<p>Teknolojik \u00f6zelliklerle donat\u0131lm\u0131\u015f Ara\u00e7 Filomuz Her T\u00fcrdeki Kara Nakliyeleriniz \u0130\u00e7in Hizmetinize Sunaca\u011f\u0131m\u0131z Ara\u00e7lar\u0131m\u0131z 2 Ya\u015f Ortalamas\u0131 \u0130le En B\u00fcy\u00fck Gururumuzdur..\u0130htiya\u00e7 duydu\u011funuz t\u00fcm g\u00fczergahlarda farkl\u0131 tiplerdeki mallar\u0131n\u0131z i\u00e7in Mega Treyler, Frigofirik Treyler, Jumbo Treyler, R\u00f6morklu \u00c7ekiciler ve Kamyonetlerden olu\u015fan Ara\u00e7 Filomuz her zaman hizmetinizdedir.T\u00fcm ara\u00e7lar\u0131m\u0131z d\u00fcnya \u00e7evre normlar\u0131na haiz olup, her t\u00fcrl\u00fc teknik ve g\u00fcvenlik sistemleri [&hellip;]<\/p>\n","protected":false},"author":1,"featured_media":0,"parent":0,"menu_order":0,"comment_status":"closed","ping_status":"closed","template":"template\/template-full-width.php","meta":[],"_links":{"self":[{"href":"https:\/\/azemlojistik.com\/index.php?rest_route=\/wp\/v2\/pages\/2268"}],"collection":[{"href":"https:\/\/azemlojistik.com\/index.php?rest_route=\/wp\/v2\/pages"}],"about":[{"href":"https:\/\/azemlojistik.com\/index.php?rest_route=\/wp\/v2\/types\/page"}],"author":[{"embeddable":true,"href":"https:\/\/azemlojistik.com\/index.php?rest_route=\/wp\/v2\/users\/1"}],"replies":[{"embeddable":true,"href":"https:\/\/azemlojistik.com\/index.php?rest_route=%2Fwp%2Fv2%2Fcomments&post=2268"}],"version-history":[{"count":5,"href":"https:\/\/azemlojistik.com\/index.php?rest_route=\/wp\/v2\/pages\/2268\/revisions"}],"predecessor-version":[{"id":2277,"href":"https:\/\/azemlojistik.com\/index.php?rest_route=\/wp\/v2\/pages\/2268\/revisions\/2277"}],"wp:attachment":[{"href":"https:\/\/azemlojistik.com\/index.php?rest_route=%2Fwp%2Fv2%2Fmedia&parent=2268"}],"curies":[{"name":"wp","href":"https:\/\/api.w.org\/{rel}","templated":true}]}}