{"id":2265,"date":"2020-09-20T16:25:24","date_gmt":"2020-09-20T13:25:24","guid":{"rendered":"https:\/\/azemlojistik.com\/?page_id=2265"},"modified":"2020-09-22T21:21:36","modified_gmt":"2020-09-22T18:21:36","slug":"yesil-lojistik","status":"publish","type":"page","link":"https:\/\/azemlojistik.com\/?page_id=2265","title":{"rendered":"Ye\u015fil Lojistik"},"content":{"rendered":"<section  id=\"xs-sec-9b49a009\" class=\"fw-main-row parallax-section  xs-sc-9b49a009   \"  >\n\t<div class=\"xs-main-overlay\"><\/div>\n\n    <div class=\"fw-container\">\n\t\t<div class=\"fw-row\">\n\t<div class=\"fw-col-inner\">\n<div id=\"xs-col-db3a4c8d\" class=\"fw-col-md-6     xs-sc-db3a4c8d    \">\n    <div class=\"fw-main-row\">\n\t\t\t\t<div class=\"fw-col-inner\">\n\t\t\t\n<div class=\"heading  xs-heading-7bbe5e38   \">\n\t<h2  class='xs-title content-title boder-none'><span class='shortheading'>Hakk\u0131m\u0131zda<\/span> Profesyonel Lojistik Hizmetleri  <\/h2><\/div>\n<div class=\"xs-text-block  xs-text-block-7208f201\">\n\t<p>\u00c7evrenin korunmas\u0131 bizim i\u00e7in \u00f6nemli bir \u00f6ncelik.\u0130nsan ve teknoloji; iki \u00f6\u011fe de buna katk\u0131da bulunur.Amac\u0131m\u0131z ikisine de katk\u0131da bulunmak.Teknik a\u00e7\u0131dan ara\u00e7lar\u0131m\u0131z y\u00fcksek Euro 6 emisyon standartlar\u0131na uyumlu, enerji tasarrufu a\u00e7\u0131s\u0131ndan da en y\u00fcksek verimliliktedir.<\/p><\/div>\t\t<\/div>\n    <\/div>\n<\/div>\n<div class=\"fw-col-inner\">\n<div id=\"xs-col-f3ca3a98\" class=\"fw-col-md-6     xs-sc-f3ca3a98    \">\n    <div class=\"fw-main-row\">\n\t\t\t\t<div class=\"fw-col-inner\">\n\t\t\t<div class=\"fw-single-image  \" >\n            <img src=\"\/\/azemlojistik.com\/wp-content\/uploads\/2020\/09\/azem-yesil-logistics.jpg\" class=\"img-responsive\"  \/>\n    <\/div>\t\t<\/div>\n    <\/div>\n<\/div>\n<\/div>\n\n    <\/div>\n<\/section>\n\n\n","protected":false},"excerpt":{"rendered":"<p>Hakk\u0131m\u0131zda Profesyonel Lojistik Hizmetleri \u00c7evrenin korunmas\u0131 bizim i\u00e7in \u00f6nemli bir \u00f6ncelik.\u0130nsan ve teknoloji; iki \u00f6\u011fe de buna katk\u0131da bulunur.Amac\u0131m\u0131z ikisine de katk\u0131da bulunmak.Teknik a\u00e7\u0131dan ara\u00e7lar\u0131m\u0131z y\u00fcksek Euro 6 emisyon standartlar\u0131na uyumlu, enerji tasarrufu a\u00e7\u0131s\u0131ndan da en y\u00fcksek verimliliktedir.<\/p>\n","protected":false},"author":1,"featured_media":0,"parent":0,"menu_order":0,"comment_status":"closed","ping_status":"closed","template":"template\/template-full-width.php","meta":[],"_links":{"self":[{"href":"https:\/\/azemlojistik.com\/index.php?rest_route=\/wp\/v2\/pages\/2265"}],"collection":[{"href":"https:\/\/azemlojistik.com\/index.php?rest_route=\/wp\/v2\/pages"}],"about":[{"href":"https:\/\/azemlojistik.com\/index.php?rest_route=\/wp\/v2\/types\/page"}],"author":[{"embeddable":true,"href":"https:\/\/azemlojistik.com\/index.php?rest_route=\/wp\/v2\/users\/1"}],"replies":[{"embeddable":true,"href":"https:\/\/azemlojistik.com\/index.php?rest_route=%2Fwp%2Fv2%2Fcomments&post=2265"}],"version-history":[{"count":2,"href":"https:\/\/azemlojistik.com\/index.php?rest_route=\/wp\/v2\/pages\/2265\/revisions"}],"predecessor-version":[{"id":2281,"href":"https:\/\/azemlojistik.com\/index.php?rest_route=\/wp\/v2\/pages\/2265\/revisions\/2281"}],"wp:attachment":[{"href":"https:\/\/azemlojistik.com\/index.php?rest_route=%2Fwp%2Fv2%2Fmedia&parent=2265"}],"curies":[{"name":"wp","href":"https:\/\/api.w.org\/{rel}","templated":true}]}}