{"id":1949,"date":"2018-10-23T07:04:55","date_gmt":"2018-10-23T07:04:55","guid":{"rendered":"http:\/\/azemlojistik.com\/?page_id=1949"},"modified":"2023-05-16T14:13:20","modified_gmt":"2023-05-16T11:13:20","slug":"home-10","status":"publish","type":"page","link":"https:\/\/azemlojistik.com\/","title":{"rendered":"Anasayfa"},"content":{"rendered":"<p><section  id=\"xs-sec-5bfe47ae\" class=\"fw-main-row   xs-sc-5bfe47ae   \"  >\n\t<div class=\"xs-main-overlay\"><\/div>\n\n    <div class=\"fw-container-fluid\">\n\t\t<div class=\"fw-row\">\n\t<div class=\"fw-col-inner\">\n<div id=\"xs-col-4e055b60\" class=\"fw-col-md-12     xs-sc-4e055b60    \">\n    <div class=\"fw-main-row\">\n\t\t\t\t<div class=\"fw-col-inner\">\n\t\t\t\r\n\r\n\r\n\t<!-- Carousel -->\r\n\t<div id=\"main-slide\" class=\"carousel slide classic \" data-ride=\"carousel\">\r\n\r\n\t\t<!-- Carousel inner -->\r\n\t\t<div class=\"carousel-inner\">\r\n\r\n\t\t\t\t\t\t<div class=\"item active\" style=\"background-image:url(\/\/azemlojistik.com\/wp-content\/uploads\/2020\/09\/azem-slide01.jpg)\">\r\n\t\t\t\t\t<div class=\"container\">\r\n\t\t\t\t\t\t<div class=\"slider-content text-left \">\r\n\t\t\t\t\t\t\t<div class=\"col-md-12\">\r\n                                                                    <h2 class=\"slide-title title-light animated3\">AZEM<\/h2>\r\n                                                                            <h3 class=\"slide-sub-title animated3\">Global Logistics<\/h3>\r\n                                    \t\t\t\t\t\t\t\t<p class=\"slider-description lead animated3\">Our only target is <br> experienced and quality service.<\/p>\r\n\t\t\t\t\t\t\t\t\t\t\t\t\t\t\t\t\t\t<p class=\"animated3\">\r\n\t\t\t\t\t\t\t\t\t\t\t\t\t\t\t\t\t\t\t<a target=\"_self\" href=\"https:\/\/azemlojistik.com\/service\/karayolu-tasimaciligi\/\" class=\"slider btn btn-primary\">  Hizmetlerimiz<\/a>\r\n\t\t\t\t\t\t\t\t\t\r\n\t\t\t\t\t\t\t\t<\/p>        \r\n\t\t\t\t\t\t\t<\/div><!-- Col end -->\r\n\t\t\t\t\t\t<\/div><!-- Slider content end -->\r\n\t\t\t\t\t<\/div><!--Container end -->\r\n\t\t\t\t<\/div><!--\/ Carousel item 1 end -->\r\n\t\t\t\t\t\t\t\t\t\t<div class=\"item  \" style=\"background-image:url(\/\/azemlojistik.com\/wp-content\/uploads\/2020\/09\/slider-frigofirik.jpg)\">\r\n\t\t\t\t\t<div class=\"container\">\r\n\t\t\t\t\t\t<div class=\"slider-content text-left \">\r\n\t\t\t\t\t\t\t<div class=\"col-md-12\">\r\n                                                                    <h2 class=\"slide-title title-light animated3\">Y\u00dcK\u00dcN\u00dcZ\u00dc<\/h2>\r\n                                                                            <h3 class=\"slide-sub-title animated3\">Taze tutuyoruz<\/h3>\r\n                                    \t\t\t\t\t\t\t\t<p class=\"slider-description lead animated3\">Donmu\u015f g\u0131da ve taze y\u00fcklerinizi g\u00fcvenle ta\u015f\u0131yoruz.<br>\r\n<\/p>\r\n\t\t\t\t\t\t\t\t\t\t\t\t\t\t\t\t\t\t<p class=\"animated3\">\r\n\t\t\t\t\t\t\t\t\t\t\t\t\t\t\t\t\t\t\t<a target=\"_self\" href=\"https:\/\/azemlojistik.com\/service\/karayolu-tasimaciligi\/\" class=\"slider btn btn-primary\">  Hizmetlerimiz<\/a>\r\n\t\t\t\t\t\t\t\t\t\r\n\t\t\t\t\t\t\t\t<\/p>        \r\n\t\t\t\t\t\t\t<\/div><!-- Col end -->\r\n\t\t\t\t\t\t<\/div><!-- Slider content end -->\r\n\t\t\t\t\t<\/div><!--Container end -->\r\n\t\t\t\t<\/div><!--\/ Carousel item 1 end -->\r\n\t\t\t\t\t\t\t\t\t\t<div class=\"item  \" style=\"background-image:url(\/\/azemlojistik.com\/wp-content\/uploads\/2020\/09\/azem-slide005.jpg)\">\r\n\t\t\t\t\t<div class=\"container\">\r\n\t\t\t\t\t\t<div class=\"slider-content text-left \">\r\n\t\t\t\t\t\t\t<div class=\"col-md-12\">\r\n                                                                    <h2 class=\"slide-title title-light animated3\">PROFESYONEL<\/h2>\r\n                                                                            <h3 class=\"slide-sub-title animated3\">Lojistik Hizmetleri<\/h3>\r\n                                    \t\t\t\t\t\t\t\t<p class=\"slider-description lead animated3\">Profesyonel <br>Karayolu, Denizyolu, Havayolu ve Demiryolu ta\u015f\u0131mac\u0131l\u0131\u011f\u0131 \r\n<\/p>\r\n\t\t\t\t\t\t\t\t\t\t\t\t\t\t\t\t\t\t<p class=\"animated3\">\r\n\t\t\t\t\t\t\t\t\t\t\t\t\t\t\t\t\t\t\t<a target=\"_self\" href=\"https:\/\/azemlojistik.com\/service\/denizyolu-tasimaciligi\/\" class=\"slider btn btn-primary\">  Hizmetlerimiz<\/a>\r\n\t\t\t\t\t\t\t\t\t\r\n\t\t\t\t\t\t\t\t<\/p>        \r\n\t\t\t\t\t\t\t<\/div><!-- Col end -->\r\n\t\t\t\t\t\t<\/div><!-- Slider content end -->\r\n\t\t\t\t\t<\/div><!--Container end -->\r\n\t\t\t\t<\/div><!--\/ Carousel item 1 end -->\r\n\t\t\t\t\t\t\t\t\t<\/div><!-- Carousel inner end-->\r\n\r\n\t\t<!-- Indicators -->\r\n\t\t<ol class=\"carousel-indicators\">\r\n\t\t\t<li data-target=\"#main-slide\" data-slide-to=\"0\" class=\"active\"><\/li><li data-target=\"#main-slide\" data-slide-to=\"1\" class=\" \"><\/li><li data-target=\"#main-slide\" data-slide-to=\"2\" class=\" \"><\/li>\t\t<\/ol>\r\n\r\n\t\t<!-- Controls -->\r\n\t\t<a class=\"left main-slide carousel-control\" href=\"#main-slide\" data-slide=\"prev\">\r\n\t\t\t<span><i class=\"fa fa-angle-left\"><\/i><\/span>\r\n\t\t<\/a>\r\n\t\t<a class=\"right main-slide carousel-control\" href=\"#main-slide\" data-slide=\"next\">\r\n\t\t\t<span><i class=\"fa fa-angle-right\"><\/i><\/span>\r\n\t\t<\/a>\r\n\t<\/div><!--\/ Carousel end --> \r\n\r\n\r\n\r\n\r\n\t<script>\r\n\t\t\/\/slider js\r\n\t\tjQuery( document ).ready( function ( $ ) {\r\n\r\n\t\t\t$( '#main-slide' ).carousel( {\r\n\t\t\t\tpause: true,\r\n\t\t\t\tinterval: 100000,\r\n\t\t\t} );\r\n\t\t} );\r\n\t<\/script>\r\n\r\n\t\t<\/div>\n    <\/div>\n<\/div>\n<\/div>\n\n    <\/div>\n<\/section>\n\n<section  id=\"xs-sec-0133562b\" class=\"fw-main-row   xs-sc-0133562b   \"  >\n\t<div class=\"xs-main-overlay\"><\/div>\n\n    <div class=\"fw-container\">\n\t\t<div class=\"fw-row\">\n\t<div class=\"fw-col-inner\">\n<div id=\"xs-col-d11009c2\" class=\"fw-col-md-4     xs-sc-d11009c2   text-center \">\n    <div class=\"fw-main-row\">\n\t\t\t\t<div class=\"fw-col-inner\">\n\t\t\t\t<div class = \"ts-feature-box \">\n\t\t<div class=\"ts-feature-info\">\n\t\t\t\t\t\t\t<span class=\"feature-icon\">\n\t\t\t\t\t<i class=\"fa fa-star\"><\/i>\n\t\t\t\t<\/span>\n\t\t\t\t\t\t<div class = \"feature-content\">\n\t\t\t\t\t\t\t\t\t<h3 class=\"ts-feature-title\">25 Y\u0131ll\u0131k Tecr\u00fcbe<\/h3>\n\t\t\t\t\n\t\t\t\t\t\t\t\t\t<p>25 y\u0131l\u0131 a\u015fk\u0131n bir s\u00fcredir profesyonel lojistik hizmetleri sunuyoruz.<\/p>\n\t\t\t\t\t\t\t<\/div><!-- feature content end -->\n\t\t<\/div><!-- Feature info end -->\n\t<\/div><!--\/ End featurebox icon 1-->\n\n\t\t<\/div>\n    <\/div>\n<\/div>\n<div class=\"fw-col-inner\">\n<div id=\"xs-col-4bdc8b24\" class=\"fw-col-md-4     xs-sc-4bdc8b24   text-center \">\n    <div class=\"fw-main-row\">\n\t\t\t\t<div class=\"fw-col-inner\">\n\t\t\t\t<div class = \"ts-feature-box \">\n\t\t<div class=\"ts-feature-info\">\n\t\t\t\t\t\t\t<span class=\"feature-icon\">\n\t\t\t\t\t<i class=\"fa fa-globe\"><\/i>\n\t\t\t\t<\/span>\n\t\t\t\t\t\t<div class = \"feature-content\">\n\t\t\t\t\t\t\t\t\t<h3 class=\"ts-feature-title\">G\u00fcvenli, h\u0131zl\u0131 ta\u015f\u0131mac\u0131l\u0131k<\/h3>\n\t\t\t\t\n\t\t\t\t\t\t\t\t\t<p>Y\u00fck\u00fcn\u00fcz\u00fc sigortal\u0131yor, gidece\u011fi yere g\u00fcvenle ta\u015f\u0131yoruz.<\/p>\n\t\t\t\t\t\t\t<\/div><!-- feature content end -->\n\t\t<\/div><!-- Feature info end -->\n\t<\/div><!--\/ End featurebox icon 1-->\n\n\t\t<\/div>\n    <\/div>\n<\/div>\n<div class=\"fw-col-inner\">\n<div id=\"xs-col-c65581a5\" class=\"fw-col-md-4     xs-sc-c65581a5   text-center \">\n    <div class=\"fw-main-row\">\n\t\t\t\t<div class=\"fw-col-inner\">\n\t\t\t\t<div class = \"ts-feature-box \">\n\t\t<div class=\"ts-feature-info\">\n\t\t\t\t\t\t\t<span class=\"feature-icon\">\n\t\t\t\t\t<i class=\"fa fa-group\"><\/i>\n\t\t\t\t<\/span>\n\t\t\t\t\t\t<div class = \"feature-content\">\n\t\t\t\t\t\t\t\t\t<h3 class=\"ts-feature-title\">Profesyonel Ekip<\/h3>\n\t\t\t\t\n\t\t\t\t\t\t\t\t\t<p>\u0130htiyac\u0131n\u0131za g\u00f6re \u00e7\u00f6z\u00fcm \u00fcretecek e\u011fitimli, profesyonel ekiple yan\u0131n\u0131zday\u0131z.<\/p>\n\t\t\t\t\t\t\t<\/div><!-- feature content end -->\n\t\t<\/div><!-- Feature info end -->\n\t<\/div><!--\/ End featurebox icon 1-->\n\n\t\t<\/div>\n    <\/div>\n<\/div>\n<\/div>\n\n    <\/div>\n<\/section>\n\n<section  id=\"xs-sec-0a1a81fb\" class=\"fw-main-row parallax-section  xs-sc-0a1a81fb text-center  \"  >\n\t<div class=\"xs-main-overlay\"><\/div>\n\n    <div class=\"fw-container\">\n\t\t<div class=\"fw-row\">\n\t<div class=\"fw-col-inner\">\n<div id=\"xs-col-30b3d13d\" class=\"fw-col-md-12     xs-sc-30b3d13d    \">\n    <div class=\"fw-main-row\">\n\t\t\t\t<div class=\"fw-col-inner\">\n\t\t\t\t<div class=\"feature-img-box-left text-white\">\n\t\t\t\t\t<div class=\"feature-img-content\">\n\t\t\t\t<img class=\"pull-left\" src=\"<br \/>\n<b>Warning<\/b>:  Illegal string offset 'url' in <b>\/home\/azemloji\/public_html\/wp-content\/themes\/bizipress\/framework-customizations\/extensions\/shortcodes\/shortcodes\/features-box\/views\/view.php<\/b> on line <b>72<\/b><br \/>\n\"\/>\n\t\t\t<\/div>\n\t\t\n\t\t<div class =\"feature-content\">\n\t\t\t\t\t\t\t<h3>Mutlu m\u00fc\u015fterilerimiz aras\u0131na kat\u0131l\u0131n.<\/h3>\n\t\t\t\n\t\t\t\t\t\t\t<p>Ta\u015f\u0131nacak y\u00fck\u00fcn\u00fcz ile ilgili bilgileri girin,sizi en k\u0131sa zamanda arayal\u0131m.<p><a class=\"btn btn-white\" href=\"https:\/\/azemlojistik.com\/iletisim\/\">\u0130leti\u015fim<\/a><\/p><\/p>\n\t\t\t\t\t<\/div>\n\t<\/div><!--\/ End FeatureImg Box 2 -->\n\n\t\t\t<\/div>\n    <\/div>\n<\/div>\n<\/div>\n\n    <\/div>\n<\/section>\n\n<section  id=\"xs-sec-0c6bafd3\" class=\"fw-main-row   xs-sc-0c6bafd3   \"  >\n\t<div class=\"xs-main-overlay\"><\/div>\n\n    <div class=\"fw-container\">\n\t\t<div class=\"fw-row\">\n\t<div class=\"fw-col-inner\">\n<div id=\"xs-col-2ac083dc\" class=\"fw-col-md-12     xs-sc-2ac083dc    \">\n    <div class=\"fw-main-row\">\n\t\t\t\t<div class=\"fw-col-inner\">\n\t\t\t\n<div class=\"heading  xs-heading-8bb1f6e4 text-center  \">\n\t<h2 data-title=\"Hizmetlerimiz\" class='xs-title section-title-dash'> Neler yap\u0131yoruz?  <span class='dashborder'>&nbsp;<\/span><\/h2><\/div>\n<div class=\"clearfix\"><\/div>\t\t<div class=\"col-md-4\">\n\t\t\t<div class=\"ts-service-overlay\">\n\t\t\t\t<div class=\"ts-image-wrapper\">\n\t\t\t\t\t<img width=\"350\" height=\"250\" src=\"https:\/\/azemlojistik.com\/wp-content\/uploads\/2018\/01\/ground_transport2-1.jpg\" class=\"attachment-350x250 size-350x250 wp-post-image\" alt=\"\" loading=\"lazy\" \/>\t\t\t\t<\/div><!-- Image end -->\n\t\t\t\t<div class=\"service-content\">\n\t\t\t\t\t<h3 class=\"service-title\">\n\t\t\t\t\t<span class=\"service-icon\">\n\t\t\t\t\t\t<i class=\"fa fa-angle-right\"><\/i>\n\t\t\t\t\t<\/span>\t\n\t\t\t\t\tKarayolu Ta\u015f\u0131mac\u0131l\u0131\u011f\u0131<\/h3>\n\t\t\t\t\t<p>Farkl\u0131 \u00fclkelere g\u00f6nderilecek olan malzemelerinizi karayolu ta\u015f\u0131mac\u0131l\u0131\u011f\u0131 ile g\u00fcvenli bir \u015fekilde naklediyoruz. Kendi...<\/p>\n\t\t\t\t\t<p><a class=\"btn btn-primary icon-bg\" href=\"https:\/\/azemlojistik.com\/?service=karayolu-tasimaciligi\">\n\t\t\t\t\t\tRead More \n\t\t\t\t\t\t<i class=\"icon icon-arrow-right\"><\/i><\/a>\n\t\t\t\t\t<\/p>  \n\t\t\t\t<\/div><!-- Image content end -->\n\t\t\t<\/div><!-- Service Overlay end -->\n\t\t<\/div><!-- Col end -->\n\n\t\t\t<div class=\"col-md-4\">\n\t\t\t<div class=\"ts-service-overlay\">\n\t\t\t\t<div class=\"ts-image-wrapper\">\n\t\t\t\t\t<img width=\"350\" height=\"250\" src=\"https:\/\/azemlojistik.com\/wp-content\/uploads\/2018\/01\/seaway-logistics-1.jpg\" class=\"attachment-350x250 size-350x250 wp-post-image\" alt=\"\" loading=\"lazy\" \/>\t\t\t\t<\/div><!-- Image end -->\n\t\t\t\t<div class=\"service-content\">\n\t\t\t\t\t<h3 class=\"service-title\">\n\t\t\t\t\t<span class=\"service-icon\">\n\t\t\t\t\t\t<i class=\"fa fa-angle-right\"><\/i>\n\t\t\t\t\t<\/span>\t\n\t\t\t\t\tDenizyolu Ta\u015f\u0131mac\u0131l\u0131\u011f\u0131<\/h3>\n\t\t\t\t\t<p>Azem Lojistik , sahip oldu\u011fu g\u00fc\u00e7l\u00fc global acenta a\u011f\u0131 ve sekt\u00f6r\u00fcn \u00f6nc\u00fc armat\u00f6r firmalar\u0131 ile anla\u015fmalar\u0131 sayesinde t\u00fcm d\u00fcnya...<\/p>\n\t\t\t\t\t<p><a class=\"btn btn-primary icon-bg\" href=\"https:\/\/azemlojistik.com\/?service=denizyolu-tasimaciligi\">\n\t\t\t\t\t\tRead More \n\t\t\t\t\t\t<i class=\"icon icon-arrow-right\"><\/i><\/a>\n\t\t\t\t\t<\/p>  \n\t\t\t\t<\/div><!-- Image content end -->\n\t\t\t<\/div><!-- Service Overlay end -->\n\t\t<\/div><!-- Col end -->\n\n\t\t\t<div class=\"col-md-4\">\n\t\t\t<div class=\"ts-service-overlay\">\n\t\t\t\t<div class=\"ts-image-wrapper\">\n\t\t\t\t\t<img width=\"350\" height=\"250\" src=\"https:\/\/azemlojistik.com\/wp-content\/uploads\/2018\/01\/airplane-logistics-1.jpg\" class=\"attachment-350x250 size-350x250 wp-post-image\" alt=\"\" loading=\"lazy\" \/>\t\t\t\t<\/div><!-- Image end -->\n\t\t\t\t<div class=\"service-content\">\n\t\t\t\t\t<h3 class=\"service-title\">\n\t\t\t\t\t<span class=\"service-icon\">\n\t\t\t\t\t\t<i class=\"fa fa-angle-right\"><\/i>\n\t\t\t\t\t<\/span>\t\n\t\t\t\t\tHavayolu Ta\u015f\u0131mac\u0131l\u0131\u011f\u0131<\/h3>\n\t\t\t\t\t<p>Azem Lojistik, d\u00fcnyadaki t\u00fcm uluslararas\u0131 havalimanlar\u0131 aras\u0131nda acenteleri ve havayollar\u0131 ile yapm\u0131\u015f oldu\u011fu \u00f6zel...<\/p>\n\t\t\t\t\t<p><a class=\"btn btn-primary icon-bg\" href=\"https:\/\/azemlojistik.com\/?service=havayolu-tasimaciligi\">\n\t\t\t\t\t\tRead More \n\t\t\t\t\t\t<i class=\"icon icon-arrow-right\"><\/i><\/a>\n\t\t\t\t\t<\/p>  \n\t\t\t\t<\/div><!-- Image content end -->\n\t\t\t<\/div><!-- Service Overlay end -->\n\t\t<\/div><!-- Col end -->\n\n\t\t\t<div class=\"col-md-4\">\n\t\t\t<div class=\"ts-service-overlay\">\n\t\t\t\t<div class=\"ts-image-wrapper\">\n\t\t\t\t\t<img width=\"350\" height=\"250\" src=\"https:\/\/azemlojistik.com\/wp-content\/uploads\/2018\/01\/train-logistics.jpg\" class=\"attachment-350x250 size-350x250 wp-post-image\" alt=\"\" loading=\"lazy\" \/>\t\t\t\t<\/div><!-- Image end -->\n\t\t\t\t<div class=\"service-content\">\n\t\t\t\t\t<h3 class=\"service-title\">\n\t\t\t\t\t<span class=\"service-icon\">\n\t\t\t\t\t\t<i class=\"fa fa-angle-right\"><\/i>\n\t\t\t\t\t<\/span>\t\n\t\t\t\t\tDemiryolu Ta\u015f\u0131mac\u0131l\u0131\u011f\u0131<\/h3>\n\t\t\t\t\t<p>\u00c7evre dostu olmas\u0131, sabit s\u00fcreler ile hizmet vermesi ve minimum hasar riskine sahip olmas\u0131 sebebi ile \u00f6ne \u00e7\u0131kan demiryolu...<\/p>\n\t\t\t\t\t<p><a class=\"btn btn-primary icon-bg\" href=\"https:\/\/azemlojistik.com\/?service=demiryolu-tasimaciligi\">\n\t\t\t\t\t\tRead More \n\t\t\t\t\t\t<i class=\"icon icon-arrow-right\"><\/i><\/a>\n\t\t\t\t\t<\/p>  \n\t\t\t\t<\/div><!-- Image content end -->\n\t\t\t<\/div><!-- Service Overlay end -->\n\t\t<\/div><!-- Col end -->\n\n\t\t\t<div class=\"col-md-4\">\n\t\t\t<div class=\"ts-service-overlay\">\n\t\t\t\t<div class=\"ts-image-wrapper\">\n\t\t\t\t\t<img width=\"350\" height=\"250\" src=\"https:\/\/azemlojistik.com\/wp-content\/uploads\/2018\/01\/customs-logistics-1.jpg\" class=\"attachment-350x250 size-350x250 wp-post-image\" alt=\"\" loading=\"lazy\" \/>\t\t\t\t<\/div><!-- Image end -->\n\t\t\t\t<div class=\"service-content\">\n\t\t\t\t\t<h3 class=\"service-title\">\n\t\t\t\t\t<span class=\"service-icon\">\n\t\t\t\t\t\t<i class=\"fa fa-angle-right\"><\/i>\n\t\t\t\t\t<\/span>\t\n\t\t\t\t\tG\u00fcmr\u00fck Hizmetleri<\/h3>\n\t\t\t\t\t<p>Azem Lojistik, m\u00fc\u015fterilerinin g\u00fcmr\u00fckleme ihtiya\u00e7lar\u0131n\u0131 en iyi \u015fekilde tespit ederek, sahip oldu\u011fu kurumsal bilgi birikimi ve...<\/p>\n\t\t\t\t\t<p><a class=\"btn btn-primary icon-bg\" href=\"https:\/\/azemlojistik.com\/?service=gumruk-hizmetleri\">\n\t\t\t\t\t\tRead More \n\t\t\t\t\t\t<i class=\"icon icon-arrow-right\"><\/i><\/a>\n\t\t\t\t\t<\/p>  \n\t\t\t\t<\/div><!-- Image content end -->\n\t\t\t<\/div><!-- Service Overlay end -->\n\t\t<\/div><!-- Col end -->\n\n\t\t\t<div class=\"col-md-4\">\n\t\t\t<div class=\"ts-service-overlay\">\n\t\t\t\t<div class=\"ts-image-wrapper\">\n\t\t\t\t\t<img width=\"350\" height=\"250\" src=\"https:\/\/azemlojistik.com\/wp-content\/uploads\/2018\/01\/storage-logistics-1.jpg\" class=\"attachment-350x250 size-350x250 wp-post-image\" alt=\"\" loading=\"lazy\" \/>\t\t\t\t<\/div><!-- Image end -->\n\t\t\t\t<div class=\"service-content\">\n\t\t\t\t\t<h3 class=\"service-title\">\n\t\t\t\t\t<span class=\"service-icon\">\n\t\t\t\t\t\t<i class=\"fa fa-angle-right\"><\/i>\n\t\t\t\t\t<\/span>\t\n\t\t\t\t\tDepolama Hizmetleri<\/h3>\n\t\t\t\t\t<p>Globalle\u015fen ve s\u00fcrekli de\u011fi\u015fen d\u00fcnyada, Pazar de\u011fi\u015fikliklerine h\u0131zla cevap vermek i\u00e7in m\u00fc\u015fterilerin ihtiya\u00e7lar\u0131n\u0131 biliyoruz. Depolama..<\/p>\n\t\t\t\t\t<p><a class=\"btn btn-primary icon-bg\" href=\"https:\/\/azemlojistik.com\/?service=depolama-hizmetleri\">\n\t\t\t\t\t\tRead More \n\t\t\t\t\t\t<i class=\"icon icon-arrow-right\"><\/i><\/a>\n\t\t\t\t\t<\/p>  \n\t\t\t\t<\/div><!-- Image content end -->\n\t\t\t<\/div><!-- Service Overlay end -->\n\t\t<\/div><!-- Col end -->\n\n\t\n\n\t\t<\/div>\n    <\/div>\n<\/div>\n<\/div>\n\n    <\/div>\n<\/section>\n\n<section  id=\"xs-sec-cd7b298c\" class=\"fw-main-row   xs-sc-cd7b298c   \"  >\n\t<div class=\"xs-main-overlay\"><\/div>\n\n    <div class=\"fw-container\">\n\t\t<div class=\"fw-row\">\n\t<div class=\"fw-col-inner\">\n<div id=\"xs-col-0802fc01\" class=\"fw-col-md-6     xs-sc-0802fc01    \">\n    <div class=\"fw-main-row\">\n\t\t\t\t<div class=\"fw-col-inner\">\n\t\t\t\n<div class=\"heading  xs-heading-e68003da   heading_margin\">\n\t<h3  class='xs-title content-title boder-none'><span class='shortheading'>Teknolojik \u00f6zelliklerle donat\u0131lm\u0131\u015f<\/span> Gen\u00e7 Ara\u00e7 Filomuz  <\/h3><\/div>\n<div class=\"xs-text-block  xs-text-block-58c7ccf3\">\n\t<div class=\"wpb_text_column wpb_content_element \"><div class=\"wpb_wrapper\"><p>Azem Lojistik, ya\u015f ortalamas\u0131 '' 2 '' ara\u00e7lar\u0131 ve Schmitz Cargobull dorselerinin Frigo (Reefer) ve Fleetgo ara\u00e7 takip \u00f6zellikleri ile farkl\u0131 s\u0131cakl\u0131k derecelerinde ta\u015f\u0131nmas\u0131 gereken ila\u00e7, \u00e7i\u00e7ek gibi y\u00fckler ayr\u0131 b\u00f6lmelerde, farkl\u0131 \u0131s\u0131larda ta\u015f\u0131nabilmekte ve takip edilebilmektedir.<\/p><\/div><\/div><p><a class=\"link-more color\" href=\"https:\/\/azemlojistik.com\/arac-filomuz\/\">Ara\u00e7 Filomuza G\u00f6z at\u0131n &gt;&gt;<\/a><\/p><\/div>\t\t<\/div>\n    <\/div>\n<\/div>\n<div class=\"fw-col-inner\">\n<div id=\"xs-col-f2747719\" class=\"fw-col-md-6     xs-sc-f2747719    \">\n    <div class=\"fw-main-row\">\n\t\t\t\t<div class=\"fw-col-inner\">\n\t\t\t<div class=\"fw-single-image  \" >\n            <img src=\"\/\/azemlojistik.com\/wp-content\/uploads\/2020\/09\/truck-studio-render.jpg\" class=\"img-responsive\"  \/>\n    <\/div>\t\t<\/div>\n    <\/div>\n<\/div>\n<\/div>\n\n    <\/div>\n<\/section>\n\n<section  id=\"xs-sec-1bb80d66\" class=\"fw-main-row   xs-sc-1bb80d66   \"  >\n\t<div class=\"xs-main-overlay\"><\/div>\n\n    <div class=\"fw-container\">\n\t\t<div class=\"fw-row\">\n\t<div class=\"fw-col-inner\">\n<div id=\"xs-col-95ba3750\" class=\"fw-col-md-12     xs-sc-95ba3750    \">\n    <div class=\"fw-main-row\">\n\t\t\t\t<div class=\"fw-col-inner\">\n\t\t\t\n<div class=\"heading  xs-heading-0bbda1c1 text-center  heading_margin\">\n\t<h3  class='xs-title section-title-dash'><span class='shortheading'>Sertifikalar\u0131m\u0131z<\/span> \u00c7\u00f6z\u00fcm Ortaklar\u0131m\u0131z  <span class='dashborder'>&nbsp;<\/span><\/h3><\/div>\n\n<div class=\"wow fadeInLeft\">\n    <div id=\"client-carousel\" class=\"col-sm-12 owl-carousel owl-theme text-center client-carousel\">\n\t\t\t\t\t\t\t\t\t\t\t\t\t\t<figure class=\"item  client_logo\">\n\t\t\t\t\t\t<a target=\"_self\" href=\"#\"><img src=\"\/\/azemlojistik.com\/wp-content\/uploads\/2020\/09\/volvo-azem.png\" alt=\"Partner Image 1\"><\/a>\n\t\t\t\t\t<\/figure>\n\t\t\t\t\t\t\t\t\t\t\t\t\t\t\t\t\t\t\t\t\t<figure class=\"item  client_logo\">\n\t\t\t\t\t\t<a target=\"_self\" href=\"#\"><img src=\"\/\/azemlojistik.com\/wp-content\/uploads\/2020\/09\/azem-und.png\" alt=\"Partner Image 1\"><\/a>\n\t\t\t\t\t<\/figure>\n\t\t\t\t\t\t\t\t\t\t\t\t\t\t\t\t\t\t\t\t\t<figure class=\"item  client_logo\">\n\t\t\t\t\t\t<a target=\"_self\" href=\"#\"><img src=\"\/\/azemlojistik.com\/wp-content\/uploads\/2020\/09\/thermo.png\" alt=\"Partner Image 1\"><\/a>\n\t\t\t\t\t<\/figure>\n\t\t\t\t\t\t\t\t\t\t\t\t\t\t\t\t\t\t\t\t\t<figure class=\"item  client_logo\">\n\t\t\t\t\t\t<a target=\"_self\" href=\"#\"><img src=\"\/\/azemlojistik.com\/wp-content\/uploads\/2020\/09\/volvo-azem.png\" alt=\"Partner Image 1\"><\/a>\n\t\t\t\t\t<\/figure>\n\t\t\t\t\t\t\t\t\t\t\t\t\t\t\t\t\t\t\t\t\t<figure class=\"item  client_logo\">\n\t\t\t\t\t\t<a target=\"_self\" href=\"#\"><img src=\"\/\/azemlojistik.com\/wp-content\/uploads\/2020\/09\/schmitz-logo-gray.png\" alt=\"Partner Image 1\"><\/a>\n\t\t\t\t\t<\/figure>\n\t\t\t\t\t\t\t\t\t\t\t\t\t\t\t\t\t\t\t\t\t<figure class=\"item  client_logo\">\n\t\t\t\t\t\t<a target=\"_self\" href=\"#\"><img src=\"\/\/azemlojistik.com\/wp-content\/uploads\/2020\/09\/C2-AZEM.png\" alt=\"Partner Image 1\"><\/a>\n\t\t\t\t\t<\/figure>\n\t\t\t\t\t\t\t\t\t    <\/div><!-- Owl carousel end -->\n<\/div><!-- Content row end -->\n\n\n\n\n\t\t<\/div>\n    <\/div>\n<\/div>\n<\/div>\n\n    <\/div>\n<\/section>\n\n<\/p>\n","protected":false},"excerpt":{"rendered":"<p>Depolama Hizmetleri Globalle\u015fen ve s\u00fcrekli de\u011fi\u015fen d\u00fcnyada, Pazar de\u011fi\u015fikliklerine h\u0131zla cevap vermek i\u00e7in m\u00fc\u015fterilerin ihtiya\u00e7lar\u0131n\u0131 biliyoruz.Depolama imkanlar\u0131m\u0131z, y\u00fck\u00fcn\u00fcz\u00fcn depolama ve i\u015flenmesi i\u00e7in do\u011fru yeri bulmam\u0131z\u0131 sa\u011flar. Y\u00fcklerinizin en uygun ve olabildi\u011fince etkili bir \u015fekilde i\u015flenmesini sa\u011fl\u0131yoruz. \u00dcr\u00fcn ve ihtiya\u00e7lar\u0131n\u0131za \u00f6zel sekt\u00f6rel bazda depolama imkan\u0131 sunuyoruz.Depolama, lojistik faaliyetleri a\u00e7\u0131s\u0131ndan, verimli y\u00f6netim uygulamalar\u0131yla b\u00fcy\u00fck \u00f6l\u00e7\u00fcde azalt\u0131labilecek temel [&hellip;]<\/p>\n","protected":false},"author":1,"featured_media":0,"parent":0,"menu_order":0,"comment_status":"closed","ping_status":"closed","template":"template\/template-multipage-homepage.php","meta":[],"_links":{"self":[{"href":"https:\/\/azemlojistik.com\/index.php?rest_route=\/wp\/v2\/pages\/1949"}],"collection":[{"href":"https:\/\/azemlojistik.com\/index.php?rest_route=\/wp\/v2\/pages"}],"about":[{"href":"https:\/\/azemlojistik.com\/index.php?rest_route=\/wp\/v2\/types\/page"}],"author":[{"embeddable":true,"href":"https:\/\/azemlojistik.com\/index.php?rest_route=\/wp\/v2\/users\/1"}],"replies":[{"embeddable":true,"href":"https:\/\/azemlojistik.com\/index.php?rest_route=%2Fwp%2Fv2%2Fcomments&post=1949"}],"version-history":[{"count":214,"href":"https:\/\/azemlojistik.com\/index.php?rest_route=\/wp\/v2\/pages\/1949\/revisions"}],"predecessor-version":[{"id":2313,"href":"https:\/\/azemlojistik.com\/index.php?rest_route=\/wp\/v2\/pages\/1949\/revisions\/2313"}],"wp:attachment":[{"href":"https:\/\/azemlojistik.com\/index.php?rest_route=%2Fwp%2Fv2%2Fmedia&parent=1949"}],"curies":[{"name":"wp","href":"https:\/\/api.w.org\/{rel}","templated":true}]}}