{"id":184,"date":"2017-01-29T10:39:04","date_gmt":"2017-01-29T07:39:04","guid":{"rendered":"http:\/\/azemlojistik.com\/?page_id=184"},"modified":"2023-05-16T14:14:39","modified_gmt":"2023-05-16T11:14:39","slug":"iletisim","status":"publish","type":"page","link":"https:\/\/azemlojistik.com\/?page_id=184","title":{"rendered":"\u0130leti\u015fim"},"content":{"rendered":"<p><section  id=\"xs-sec-11d38f79\" class=\"fw-main-row   xs-sc-11d38f79   \"  >\n\t<div class=\"xs-main-overlay\"><\/div>\n\n    <div class=\"fw-container\">\n\t\t<div class=\"fw-row\">\n\t<div class=\"fw-col-inner\">\n<div id=\"xs-col-25f05452\" class=\"fw-col-md-12     xs-sc-25f05452    \">\n    <div class=\"fw-main-row\">\n\t\t\t\t<div class=\"fw-col-inner\">\n\t\t\t\n<div class=\"heading  xs-heading-fa184abf text-center  heading_margin\">\n\t<h3  class='xs-title section-title'><span class='shortheading'>Bize Ula\u015f\u0131n<\/span> \u0130leti\u015fim  <\/h3><\/div>\n\t\t<\/div>\n    <\/div>\n<\/div>\n<\/div>\n\n    <\/div>\n<\/section>\n\n<section  id=\"xs-sec-82cba4f7\" class=\"fw-main-row   xs-sc-82cba4f7   \"  >\n\t<div class=\"xs-main-overlay\"><\/div>\n\n    <div class=\"fw-container\">\n\t\t<div class=\"fw-row\">\n\t<div class=\"fw-col-inner\">\n<div id=\"xs-col-74e9facb\" class=\"fw-col-md-4     xs-sc-74e9facb    \">\n    <div class=\"fw-main-row\">\n\t\t\t\t<div class=\"fw-col-inner\">\n\t\t\t\t<div class = \"ts-contact-info box-border \">\n\t\t\t\t\t<span class=\"ts-contact-icon pull-left\">\n\t\t\t\t<i class=\"icon icon-map-marker2\"><\/i>\n\t\t\t<\/span>\n\t\t\t\t<div class = \"ts-contact-content\">\n\t\t\t\t\t\t\t<h3 class=\"ts-contact-title\">Adres<\/h3>\n\t\t\t\n\t\t\t\t\t\t\t<p>Palmiye mah. Adnan Menderes Bulv. \nMerkon Sitesi N Blok B-1\nKat2 No9\nYeni\u015fehir-Mersin<\/p>\n\t\t\t\t\t<\/div><!-- Contact content end -->\n\t<\/div><!--\/ End Contact info 1-->\n\n\t\t<\/div>\n    <\/div>\n<\/div>\n<div class=\"fw-col-inner\">\n<div id=\"xs-col-4e434d9a\" class=\"fw-col-md-4     xs-sc-4e434d9a    \">\n    <div class=\"fw-main-row\">\n\t\t\t\t<div class=\"fw-col-inner\">\n\t\t\t\t<div class = \"ts-contact-info box-border \">\n\t\t\t\t\t<span class=\"ts-contact-icon pull-left\">\n\t\t\t\t<i class=\"icon icon-phone3\"><\/i>\n\t\t\t<\/span>\n\t\t\t\t<div class = \"ts-contact-content\">\n\t\t\t\t\t\t\t<h3 class=\"ts-contact-title\">Bizi Aray\u0131n<\/h3>\n\t\t\t\n\t\t\t\t\t\t\t<p>+90 (0324) 239 31 17<\/p>\n\t\t\t\t\t<\/div><!-- Contact content end -->\n\t<\/div><!--\/ End Contact info 1-->\n\n\t<div class = \"ts-contact-info box-border \">\n\t\t\t\t\t<span class=\"ts-contact-icon pull-left\">\n\t\t\t\t<i class=\"icon icon-phone3\"><\/i>\n\t\t\t<\/span>\n\t\t\t\t<div class = \"ts-contact-content\">\n\t\t\t\t\t\t\t<h3 class=\"ts-contact-title\">FAX<\/h3>\n\t\t\t\n\t\t\t\t\t\t\t<p>+90 (0324) 231 68 66 <\/p>\n\t\t\t\t\t<\/div><!-- Contact content end -->\n\t<\/div><!--\/ End Contact info 1-->\n\n\t\t<\/div>\n    <\/div>\n<\/div>\n<div class=\"fw-col-inner\">\n<div id=\"xs-col-e407cb66\" class=\"fw-col-md-4     xs-sc-e407cb66    \">\n    <div class=\"fw-main-row\">\n\t\t\t\t<div class=\"fw-col-inner\">\n\t\t\t\t<div class = \"ts-contact-info box-border \">\n\t\t\t\t\t<span class=\"ts-contact-icon pull-left\">\n\t\t\t\t<i class=\"icon icon-envelope2\"><\/i>\n\t\t\t<\/span>\n\t\t\t\t<div class = \"ts-contact-content\">\n\t\t\t\t\t\t\t<h3 class=\"ts-contact-title\">Bize Yaz\u0131n<\/h3>\n\t\t\t\n\t\t\t\t\t\t\t<p>info@azemlojistik.com<\/p>\n\t\t\t\t\t<\/div><!-- Contact content end -->\n\t<\/div><!--\/ End Contact info 1-->\n\n\t<div class = \"ts-contact-info box-border \">\n\t\t\t\t\t<span class=\"ts-contact-icon pull-left\">\n\t\t\t\t<i class=\"fa fa-whatsapp\"><\/i>\n\t\t\t<\/span>\n\t\t\t\t<div class = \"ts-contact-content\">\n\t\t\t\t\t\t\t<h3 class=\"ts-contact-title\">WhatsApp<\/h3>\n\t\t\t\n\t\t\t\t\t\t\t<p>+90 (532) 052 21 32<\/p>\n\t\t\t\t\t<\/div><!-- Contact content end -->\n\t<\/div><!--\/ End Contact info 1-->\n\n\t\t<\/div>\n    <\/div>\n<\/div>\n<\/div>\n\n    <\/div>\n<\/section>\n\n<section  id=\"xs-sec-4a0fcce7\" class=\"fw-main-row   xs-sc-4a0fcce7   \"  >\n\t<div class=\"xs-main-overlay\"><\/div>\n\n    <div class=\"fw-container\">\n\t\t<div class=\"fw-row\">\n\t<div class=\"fw-col-inner\">\n<div id=\"xs-col-8ef7da08\" class=\"fw-col-md-6     xs-sc-8ef7da08    \">\n    <div class=\"fw-main-row\">\n\t\t\t\t<div class=\"fw-col-inner\">\n\t\t\t<div class=\"xs-text-block  xs-text-block-7afa497d\">\n\t<p><div role=\"form\" class=\"wpcf7\" id=\"wpcf7-f1580-o1\" lang=\"en-US\" dir=\"ltr\">\n<div class=\"screen-reader-response\"><p role=\"status\" aria-live=\"polite\" aria-atomic=\"true\"><\/p> <ul><\/ul><\/div>\n<form action=\"\/index.php?rest_route=%2Fwp%2Fv2%2Fpages%2F184#wpcf7-f1580-o1\" method=\"post\" class=\"wpcf7-form init\" novalidate=\"novalidate\" data-status=\"init\">\n<div style=\"display: none;\">\n<input type=\"hidden\" name=\"_wpcf7\" value=\"1580\" \/>\n<input type=\"hidden\" name=\"_wpcf7_version\" value=\"5.4.1\" \/>\n<input type=\"hidden\" name=\"_wpcf7_locale\" value=\"en_US\" \/>\n<input type=\"hidden\" name=\"_wpcf7_unit_tag\" value=\"wpcf7-f1580-o1\" \/>\n<input type=\"hidden\" name=\"_wpcf7_container_post\" value=\"0\" \/>\n<input type=\"hidden\" name=\"_wpcf7_posted_data_hash\" value=\"\" \/>\n<\/div>\n<div class=\"ts_contact_form\">\n<div class=\"row\">\n<div class=\"col-md-12\">\n<p><span class=\"wpcf7-form-control-wrap text\"><input type=\"text\" name=\"text\" value=\"\" size=\"40\" class=\"wpcf7-form-control wpcf7-text wpcf7-validates-as-required\" aria-required=\"true\" aria-invalid=\"false\" placeholder=\"\u0130sim Soyisim\" \/><\/span><\/p>\n<\/div>\n<div class=\"col-md-12\">\n<p><span class=\"wpcf7-form-control-wrap text\"><input type=\"text\" name=\"text\" value=\"\" size=\"40\" class=\"wpcf7-form-control wpcf7-text wpcf7-validates-as-required\" aria-required=\"true\" aria-invalid=\"false\" placeholder=\"Konu\" \/><\/span><\/p>\n<\/div>\n<div class=\"col-md-12\">\n<p><span class=\"wpcf7-form-control-wrap email\"><input type=\"email\" name=\"email\" value=\"\" size=\"40\" class=\"wpcf7-form-control wpcf7-text wpcf7-email wpcf7-validates-as-required wpcf7-validates-as-email\" aria-required=\"true\" aria-invalid=\"false\" placeholder=\"E-mail adresiniz\" \/><\/span><\/p>\n<\/div>\n<div class=\"col-md-12\">\n<p><span class=\"wpcf7-form-control-wrap textarea\"><textarea name=\"textarea\" cols=\"40\" rows=\"6\" class=\"wpcf7-form-control wpcf7-textarea\" aria-invalid=\"false\" placeholder=\"Mesaj\u0131n\u0131z\"><\/textarea><\/span><\/p>\n<p><input type=\"submit\" value=\"G\u00f6nder\" class=\"wpcf7-form-control wpcf7-submit btn btn-primary\" \/><\/p>\n<\/div>\n<\/div>\n<\/div>\n<div class=\"wpcf7-response-output\" aria-hidden=\"true\"><\/div><\/form><\/div><\/p><\/div>\t\t<\/div>\n    <\/div>\n<\/div>\n<div class=\"fw-col-inner\">\n<div id=\"xs-col-cdd9ac55\" class=\"fw-col-md-6     xs-sc-cdd9ac55    \">\n    <div class=\"fw-main-row\">\n\t\t\t\t<div class=\"fw-col-inner\">\n\t\t\t<div class=\"xs-code\">\n\t<iframe src=\"https:\/\/www.google.com\/maps\/embed?pb=!1m14!1m8!1m3!1d12778.12015668033!2d34.6395161!3d36.8058168!3m2!1i1024!2i768!4f13.1!3m3!1m2!1s0x0%3A0xfd290596deaf9e21!2sAzem%20Lojistik!5e0!3m2!1str!2str!4v1600613071451!5m2!1str!2str\" width=\"600\" height=\"450\" frameborder=\"0\" style=\"border:0;\" allowfullscreen=\"\" aria-hidden=\"false\" tabindex=\"0\"><\/iframe><\/div>\t\t<\/div>\n    <\/div>\n<\/div>\n<\/div>\n\n    <\/div>\n<\/section>\n\n<\/p>\n","protected":false},"excerpt":{"rendered":"<p>Bize Ula\u015f\u0131n \u0130leti\u015fim Adres Palmiye mah. Adnan Menderes Bulv. Merkon Sitesi N Blok B-1 Kat2 No9 Yeni\u015fehir-Mersin Bizi Aray\u0131n +90 (0324) 239 31 17 FAX +90 (0324) 231 68 66 Bize Yaz\u0131n info@azemlojistik.com WhatsApp +90 (532) 052 21 32<\/p>\n","protected":false},"author":1,"featured_media":0,"parent":0,"menu_order":0,"comment_status":"closed","ping_status":"closed","template":"template\/template-full-width.php","meta":[],"_links":{"self":[{"href":"https:\/\/azemlojistik.com\/index.php?rest_route=\/wp\/v2\/pages\/184"}],"collection":[{"href":"https:\/\/azemlojistik.com\/index.php?rest_route=\/wp\/v2\/pages"}],"about":[{"href":"https:\/\/azemlojistik.com\/index.php?rest_route=\/wp\/v2\/types\/page"}],"author":[{"embeddable":true,"href":"https:\/\/azemlojistik.com\/index.php?rest_route=\/wp\/v2\/users\/1"}],"replies":[{"embeddable":true,"href":"https:\/\/azemlojistik.com\/index.php?rest_route=%2Fwp%2Fv2%2Fcomments&post=184"}],"version-history":[{"count":28,"href":"https:\/\/azemlojistik.com\/index.php?rest_route=\/wp\/v2\/pages\/184\/revisions"}],"predecessor-version":[{"id":2314,"href":"https:\/\/azemlojistik.com\/index.php?rest_route=\/wp\/v2\/pages\/184\/revisions\/2314"}],"wp:attachment":[{"href":"https:\/\/azemlojistik.com\/index.php?rest_route=%2Fwp%2Fv2%2Fmedia&parent=184"}],"curies":[{"name":"wp","href":"https:\/\/api.w.org\/{rel}","templated":true}]}}